{"id":3571,"date":"2025-05-20T15:28:44","date_gmt":"2025-05-20T15:28:44","guid":{"rendered":"https:\/\/lespago.com\/?page_id=3571"},"modified":"2025-12-18T18:41:54","modified_gmt":"2025-12-18T18:41:54","slug":"bases-promocion","status":"publish","type":"page","link":"https:\/\/lespago.com\/index.php\/bases-promocion\/","title":{"rendered":"Bases Promoci\u00f3n"},"content":{"rendered":"\t\t<div data-elementor-type=\"wp-page\" data-elementor-id=\"3571\" class=\"elementor elementor-3571\">\n\t\t\t\t<div class=\"elementor-element elementor-element-669bef6 e-flex e-con-boxed wpr-particle-no wpr-jarallax-no wpr-parallax-no wpr-sticky-section-no wpr-column-slider-no wpr-equal-height-no e-con e-parent\" data-id=\"669bef6\" data-element_type=\"container\" data-e-type=\"container\">\n\t\t\t\t\t<div class=\"e-con-inner\">\n\t\t\t\t<div class=\"elementor-element elementor-element-1ffe203 elementor-widget elementor-widget-heading\" data-id=\"1ffe203\" data-element_type=\"widget\" data-e-type=\"widget\" data-widget_type=\"heading.default\">\n\t\t\t\t<div class=\"elementor-widget-container\">\n\t\t\t\t\t<h2 class=\"elementor-heading-title elementor-size-default\">Condiciones y Bases<\/h2>\t\t\t\t<\/div>\n\t\t\t\t<\/div>\n\t\t\t\t\t<\/div>\n\t\t\t\t<\/div>\n\t\t<div class=\"elementor-element elementor-element-ba4c9ee e-flex e-con-boxed wpr-particle-no wpr-jarallax-no wpr-parallax-no wpr-sticky-section-no wpr-column-slider-no wpr-equal-height-no e-con e-parent\" data-id=\"ba4c9ee\" data-element_type=\"container\" data-e-type=\"container\">\n\t\t\t\t\t<div class=\"e-con-inner\">\n\t\t<div class=\"elementor-element elementor-element-34f4fe7 e-con-full e-flex wpr-particle-no wpr-jarallax-no wpr-parallax-no wpr-sticky-section-no wpr-column-slider-no wpr-equal-height-no e-con e-child\" data-id=\"34f4fe7\" data-element_type=\"container\" data-e-type=\"container\">\n\t\t\t\t<div class=\"elementor-element elementor-element-a71f4c8 elementor-widget elementor-widget-text-editor\" data-id=\"a71f4c8\" data-element_type=\"widget\" data-e-type=\"widget\" data-widget_type=\"text-editor.default\">\n\t\t\t\t<div class=\"elementor-widget-container\">\n\t\t\t\t\t\t\t\t\t<p>\ud83d\udcc6 Periodo : <strong>Del 22 de Diciembre de 2025 al 28 de Diciembre del 2025<\/strong><br \/>\ud83c\udfaf Dirigido a: Vendedores de tiendas seleccionadas<br \/>\ud83c\udf81 Beneficio: <strong>DOBLE de puntos con LESPAGO\u00ae Premia <\/strong>\u00a0tras el financiamiento a clientes generados en la vigencia de la promoci\u00f3n.<\/p><ol><li>Los puntos del programa LESPAGO\u00ae Premia \u00fanicamente son acumulables por vendedores asignados a tiendas debidamente registradas como \u00abparticipantes\u00bb en el sistema LESPAGO\u00ae, mediante certificaci\u00f3n escrita del Gerente Regional LESPAGO\u00ae correspondiente a la zona geogr\u00e1fica.<\/li><li>En caso de reasignaci\u00f3n, transferencia o rotaci\u00f3n del vendedor hacia una tienda no participante en el programa LESPAGO\u00ae Premia:<\/li><\/ol><p style=\"padding-left: 40px;\">a) Puntos pendientes: Los puntos acumulados hasta la fecha de cambio permanecen vigentes en la cuenta del vendedor, sujetos a las pol\u00edticas de redenci\u00f3n y vencimiento establecidas.<br \/>b) Puntos futuros: La acumulaci\u00f3n de nuevos puntos queda suspendida temporalmente durante la asignaci\u00f3n en tienda no participante.<br \/>c) Derecho adquirido: Los puntos generados en la tienda original no son transferibles, duplicables ni compensables monetariamente.<\/p><p>LESPAGO\u00ae se reserva el derecho de modificar, suspender o cancelar esta promoci\u00f3n en cualquier momento sin previo aviso, as\u00ed como de rechazar solicitudes que no cumplan con los requisitos de aprobaci\u00f3n crediticia. Para aclaraciones o dudas comunicarse a atenci\u00f3n a clientes de LESPAGO\u00ae o en www.lespago.com<\/p><p>PROMOCI\u00d3N V\u00c1LIDA PARA LOS FINANCIAMIENTOS LESPAGO\u00ae FIRMADOS DEL 22 DE DICIEMBRE AL 28 DE DICIEMBRE DEL\u00a0 2025<\/p>\t\t\t\t\t\t\t\t<\/div>\n\t\t\t\t<\/div>\n\t\t\t\t<\/div>\n\t\t<div class=\"elementor-element elementor-element-8db9deb e-con-full e-flex wpr-particle-no wpr-jarallax-no wpr-parallax-no wpr-sticky-section-no wpr-column-slider-no wpr-equal-height-no e-con e-child\" data-id=\"8db9deb\" data-element_type=\"container\" data-e-type=\"container\">\n\t\t\t\t<div class=\"elementor-element elementor-element-ffd9022 wpr-lottie-svg elementor-widget elementor-widget-wpr-lottie-animations\" data-id=\"ffd9022\" data-element_type=\"widget\" data-e-type=\"widget\" data-settings=\"{&quot;json_file&quot;:{&quot;url&quot;:&quot;https:\\\/\\\/lespago.com\\\/wp-content\\\/uploads\\\/2025\\\/12\\\/Fun-Christmas-tree.json&quot;,&quot;id&quot;:3976,&quot;size&quot;:&quot;&quot;,&quot;alt&quot;:&quot;&quot;,&quot;source&quot;:&quot;library&quot;},&quot;trigger&quot;:&quot;none&quot;}\" data-widget_type=\"wpr-lottie-animations.default\">\n\t\t\t\t<div class=\"elementor-widget-container\">\n\t\t\t\t\t<div class=\"wpr-lottie-animations-wrapper\"><div class=\"wpr-lottie-animations\" data-settings=\"{&quot;loop&quot;:&quot;yes&quot;,&quot;autoplay&quot;:&quot;yes&quot;,&quot;speed&quot;:1,&quot;trigger&quot;:&quot;none&quot;,&quot;reverse&quot;:&quot;&quot;,&quot;scroll_start&quot;:&quot;0&quot;,&quot;scroll_end&quot;:&quot;100&quot;,&quot;lottie_renderer&quot;:&quot;svg&quot;}\" data-json-url=\"https:\/\/lespago.com\/wp-content\/uploads\/2025\/12\/Fun-Christmas-tree.json\"><\/div><\/div>\t\t\t\t<\/div>\n\t\t\t\t<\/div>\n\t\t\t\t<\/div>\n\t\t\t\t\t<\/div>\n\t\t\t\t<\/div>\n\t\t\t\t<\/div>\n\t\t","protected":false},"excerpt":{"rendered":"<p>Condiciones y Bases \ud83d\udcc6 Periodo : Del 22 de Diciembre de 2025 al 28 de Diciembre del 2025\ud83c\udfaf Dirigido a: Vendedores de tiendas seleccionadas\ud83c\udf81 Beneficio: DOBLE de puntos con LESPAGO\u00ae Premia \u00a0tras el financiamiento a clientes generados en la vigencia de la promoci\u00f3n. Los puntos del programa LESPAGO\u00ae Premia \u00fanicamente son acumulables por vendedores asignados a tiendas debidamente registradas como \u00abparticipantes\u00bb en el sistema LESPAGO\u00ae, mediante certificaci\u00f3n escrita del Gerente Regional LESPAGO\u00ae correspondiente a la zona geogr\u00e1fica. En caso de reasignaci\u00f3n, transferencia o rotaci\u00f3n del vendedor hacia una tienda no participante en el programa LESPAGO\u00ae Premia: a) Puntos pendientes: Los puntos acumulados hasta la fecha de cambio permanecen vigentes en la cuenta del vendedor, sujetos a las pol\u00edticas de redenci\u00f3n y vencimiento establecidas.b) Puntos futuros: La acumulaci\u00f3n de nuevos puntos queda suspendida temporalmente durante la asignaci\u00f3n en tienda no participante.c) Derecho adquirido: Los puntos generados en la tienda original no son transferibles, duplicables ni compensables monetariamente. LESPAGO\u00ae se reserva el derecho de modificar, suspender o cancelar esta promoci\u00f3n en cualquier momento sin previo aviso, as\u00ed como de rechazar solicitudes que no cumplan con los requisitos de aprobaci\u00f3n crediticia. Para aclaraciones o dudas comunicarse a atenci\u00f3n a clientes de LESPAGO\u00ae o en www.lespago.com PROMOCI\u00d3N V\u00c1LIDA PARA LOS FINANCIAMIENTOS LESPAGO\u00ae FIRMADOS DEL 22 DE DICIEMBRE AL 28 DE DICIEMBRE DEL\u00a0 2025<\/p>\n","protected":false},"author":1,"featured_media":0,"parent":0,"menu_order":0,"comment_status":"closed","ping_status":"closed","template":"","meta":{"footnotes":""},"class_list":["post-3571","page","type-page","status-publish","hentry"],"jetpack_sharing_enabled":true,"_links":{"self":[{"href":"https:\/\/lespago.com\/index.php\/wp-json\/wp\/v2\/pages\/3571","targetHints":{"allow":["GET"]}}],"collection":[{"href":"https:\/\/lespago.com\/index.php\/wp-json\/wp\/v2\/pages"}],"about":[{"href":"https:\/\/lespago.com\/index.php\/wp-json\/wp\/v2\/types\/page"}],"author":[{"embeddable":true,"href":"https:\/\/lespago.com\/index.php\/wp-json\/wp\/v2\/users\/1"}],"replies":[{"embeddable":true,"href":"https:\/\/lespago.com\/index.php\/wp-json\/wp\/v2\/comments?post=3571"}],"version-history":[{"count":40,"href":"https:\/\/lespago.com\/index.php\/wp-json\/wp\/v2\/pages\/3571\/revisions"}],"predecessor-version":[{"id":3988,"href":"https:\/\/lespago.com\/index.php\/wp-json\/wp\/v2\/pages\/3571\/revisions\/3988"}],"wp:attachment":[{"href":"https:\/\/lespago.com\/index.php\/wp-json\/wp\/v2\/media?parent=3571"}],"curies":[{"name":"wp","href":"https:\/\/api.w.org\/{rel}","templated":true}]}}